{"id":25309,"date":"2018-03-26T18:52:38","date_gmt":"2018-03-26T16:52:38","guid":{"rendered":"https:\/\/maqueta.oficinadearte.com\/?page_id=25309"},"modified":"2025-07-18T10:35:14","modified_gmt":"2025-07-18T08:35:14","slug":"contacto","status":"publish","type":"page","link":"https:\/\/www.oficinadearte.com\/es\/contacto\/","title":{"rendered":"Contacto"},"content":{"rendered":"<div class=\"wpb-content-wrapper\"><p>[vc_row el_id=\u00bbtitular-diseno\u00bb][vc_column][vc_column_text]<\/p>\n<h1 style=\"text-align: left;\">contacta con nosotros, trabajamos por tu \u00e9xito_<\/h1>\n<p>[\/vc_column_text][\/vc_column][\/vc_row][vc_row el_id=\u00bbintro-diseno\u00bb][vc_column][vc_column_text el_class=\u00bbintro-cabecera\u00bb]No hay reto que no podemos alcanzar trabajando juntos. Lograremos los objetivos marcados con las herramientas y canales oportunos. Porque en Oficina de Arte tenemos claro que las empresas exitosas no las hacen los individuos, sino los grupos. \u00bfQuieres que formemos equipo? \u00bfColaboramos en tu pr\u00f3ximo proyecto de dise\u00f1o gr\u00e1fico, web o marketing? \u00bfTe sumas a nuestro porfolio de casos exitosos?<\/p>\n<p style=\"text-align: left; max-width: 900px; margin: 0 auto 0 0;\">Las oportunidades no son fruto de la casualidad, m\u00e1s bien son el resultado del trabajo. A nosotros nos gusta aprovecharlas al m\u00e1ximo, para que nuestros clientes consigan grandes resultados. Y t\u00fa, \u00bfvas a dejar pasar esta oportunidad? Ir juntos ser\u00e1 comenzar, mantenerse juntos ser\u00e1 progresar y trabajar juntos ser\u00e1 triunfar. \u00bfEst\u00e1s preparado para el \u00e9xito? \u00a1Vamos, contacta![\/vc_column_text]<div class=\"clearboth\"><\/div><style>#thegem-divider-69ecabcbed043 {margin-bottom: 60px !important;}<\/style><div id=\"thegem-divider-69ecabcbed043\" class=\"gem-divider  \" style=\"\" ><\/div>[\/vc_column][\/vc_row][vc_row full_width=\u00bbstretch_row\u00bb css=\u00bb.vc_custom_1522084663227{margin-bottom: 0px !important;padding-top: 80px !important;padding-bottom: 80px !important;background-color: #444444 !important;}\u00bb][vc_column]\n<div class=\"wpcf7 no-js\" id=\"wpcf7-f27581-o1\" lang=\"es-ES\" dir=\"ltr\" data-wpcf7-id=\"27581\">\n<div class=\"screen-reader-response\"><p role=\"status\" aria-live=\"polite\" aria-atomic=\"true\"><\/p> <ul><\/ul><\/div>\n<form action=\"\/es\/wp-json\/wp\/v2\/pages\/25309#wpcf7-f27581-o1\" method=\"post\" class=\"wpcf7-form init gem-contact-form-white\" aria-label=\"Formulario de contacto\" novalidate=\"novalidate\" data-status=\"init\">\n<fieldset class=\"hidden-fields-container\"><input type=\"hidden\" name=\"_wpcf7\" value=\"27581\" \/><input type=\"hidden\" name=\"_wpcf7_version\" value=\"6.1.4\" \/><input type=\"hidden\" name=\"_wpcf7_locale\" value=\"es_ES\" \/><input type=\"hidden\" name=\"_wpcf7_unit_tag\" value=\"wpcf7-f27581-o1\" \/><input type=\"hidden\" name=\"_wpcf7_container_post\" value=\"0\" \/><input type=\"hidden\" name=\"_wpcf7_posted_data_hash\" value=\"\" \/><input type=\"hidden\" name=\"_wpcf7_recaptcha_response\" value=\"\" \/>\n<\/fieldset>\n<div class=\"contact-form-style-1\">\n<p class=\"cf-style1-title\"><span class=\"wpcf7-form-control-wrap\" data-name=\"title\"><select class=\"wpcf7-form-control wpcf7-select wpcf7-validates-as-required gem-combobox\" aria-required=\"true\" aria-invalid=\"false\" name=\"title\"><option value=\"Sra.\">Sra.<\/option><option value=\"Sr.\">Sr.<\/option><\/select><\/span><\/p>\n<p class=\"cf-style1-name\"><span class=\"wpcf7-form-control-wrap\" data-name=\"your-name\"><input size=\"40\" maxlength=\"400\" class=\"wpcf7-form-control wpcf7-text wpcf7-validates-as-required\" aria-required=\"true\" aria-invalid=\"false\" placeholder=\"Nombre*\" value=\"\" type=\"text\" name=\"your-name\" \/><\/span><\/p>\n<p class=\"cf-style1-email\"><span class=\"wpcf7-form-control-wrap\" data-name=\"email\"><input size=\"40\" maxlength=\"400\" class=\"wpcf7-form-control wpcf7-email wpcf7-validates-as-required wpcf7-text wpcf7-validates-as-email\" aria-required=\"true\" aria-invalid=\"false\" placeholder=\"Email*\" value=\"\" type=\"email\" name=\"email\" \/><\/span><\/p>\n<p class=\"cf-style1-website\"><span class=\"wpcf7-form-control-wrap\" data-name=\"tel\"><input size=\"40\" maxlength=\"400\" class=\"wpcf7-form-control wpcf7-tel wpcf7-text wpcf7-validates-as-tel\" aria-invalid=\"false\" placeholder=\"Tel\u00e9fono\" value=\"\" type=\"tel\" name=\"tel\" \/><\/span><\/p>\n<p class=\"cf-style1-textarea\"><span class=\"wpcf7-form-control-wrap\" data-name=\"your-subject\"><input size=\"40\" maxlength=\"400\" class=\"wpcf7-form-control wpcf7-text\" aria-invalid=\"false\" placeholder=\"Asunto\" value=\"\" type=\"text\" name=\"your-subject\" \/><\/span><\/p>\n<p class=\"cf-style1-textarea\"><span class=\"wpcf7-form-control-wrap\" data-name=\"Messege\"><textarea cols=\"40\" rows=\"10\" maxlength=\"2000\" class=\"wpcf7-form-control wpcf7-textarea wpcf7-validates-as-required\" aria-required=\"true\" aria-invalid=\"false\" placeholder=\"Mensaje*\" name=\"Messege\"><\/textarea><\/span><\/p>\n\n<div class=\"gem-button-container gem-button-position-fullwidth thegem-button-69ecabcbee3193370\"  ><input class=\"gem-button gem-button-size-small gem-button-style-flat gem-button-text-weight-normal wpcf7-form-control wpcf7-submit has-spinner gem-button-wpcf-custom\" data-ll-effect=\"drop-right-without-wrap\" style=\"border-radius: 3px;\" onmouseleave=\"\" onmouseenter=\"\" id=\"\" tabindex=\"\" type=\"submit\" value=\"ENVIAR MENSAJE\" \/><\/div> \n<\/div>\n<div style=\"color: #888888;\">\n<h5 style=\"color: #888888;\">Informaci\u00f3n b\u00e1sica sobre protecci\u00f3n de datos<\/h5>\n<strong>Responsable<\/strong>\nTus datos ser\u00e1n tratados por Oficina de Arte y Comunicaci\u00f3n, S.L. como responsable.\n<strong>Finalidad<\/strong>\nLa finalidad es enviarte nuestros newsletters de Oficina de Arte y Empacke y poder responder a tus dudas o sugerencias, establecer, si llegara el momento, una relaci\u00f3n comercial y darte informaci\u00f3n detallada sobre nuestros servicios.\n<strong>Legitimaci\u00f3n<\/strong>\nAl pulsar el bot\u00f3n de confirmaci\u00f3n, o hacer clic en la casilla de aceptaci\u00f3n, est\u00e1s dando tu leg\u00edtimo consentimiento para que tus datos sean tratados de acuerdo a la finalidad indicada.\n<strong>Destinatarios<\/strong>\nSe comunicar\u00e1n datos a terceros para poder llevar a cabo la finalidad objeto indicada. En ning\u00fan caso se ceder\u00e1n datos a terceros para finalidades diferentes a las descritas. Los datos facilitados est\u00e1n ubicados en el servidor alojado en el proveedor OVH, con localizaci\u00f3n f\u00edsica en Francia, en el Data Center GRA-1, y en los servidores de CPC Servicios Inform\u00e1ticos Aplicados a Nuevas Tecnolog\u00edas S.L., titular de nuestro proveedor de email marketing, garantizando las empresas unos niveles de seguridad adecuados.\n<strong>Derechos<\/strong>\nPodr\u00e1s ejercer tus derechos de acceso, rectificaci\u00f3n, limitaci\u00f3n o suprimir los datos solicit\u00e1ndolo en el email: oficina@oficinadearte.com, o dirigiendo tu solicitud a Oficina de Arte, c\/ Manufactura, 1, 2\u00ba, izqda. Mairena del Aljarafe. SEVILLA, acreditando debidamente tu identidad.\n* Puedes consultar nuestra pol\u00edtica de privacidad aqu\u00ed: <a style=\"text-decoration: underline;\" href=\"\/es\/aviso-legal-y-politica-de-privacidad\">POL\u00cdTICA DE PRIVACIDAD.<\/a>\n<\/div><div class=\"wpcf7-response-output\" aria-hidden=\"true\"><\/div>\n<\/form>\n<\/div>\n[\/vc_column][\/vc_row][vc_row full_width=\u00bbstretch_row_content_no_spaces\u00bb el_id=\u00bbFila para mapa con direcciones\u00bb css=\u00bb.vc_custom_1524766045660{margin-top: 0px !important;margin-bottom: 0px !important;}\u00bb][vc_column]<div class=\"gem-map-with-text\"><div class=\"gem-map-with-text-content\" style=\"background-color: rgba(176,0,96,0.8);\"><div class=\"container\">[vc_column_text css=\u00bb.vc_custom_1525345674260{margin-top: 0px !important;padding-top: 40px !important;}\u00bb]<\/p>\n<h2>estamos aqu\u00ed_<\/h2>\n<p>[\/vc_column_text][vc_row_inner css=\u00bb.vc_custom_1525345654330{margin-top: 0px !important;margin-bottom: 0px !important;padding-bottom: 20px !important;}\u00bb][vc_column_inner width=\u00bb1\/3&#8243;][vc_column_text css=\u00bb\u00bb]<\/p>\n<h5>DIRECCI\u00d3N<\/h5>\n<p style=\"color: #ffffff;\">C\/ Industria,3. Plta 1, Of. 22.<br \/>\nParque Industrial PISA.<br \/>\n41927 Mairena del Aljarafe. SEVILLA<\/p>\n<p>[\/vc_column_text][\/vc_column_inner][vc_column_inner width=\u00bb1\/3&#8243;][vc_column_text]<\/p>\n<h5>TEL\u00c9FONO<\/h5>\n<p><a style=\"color: #ffffff;\" href=\"callto:+34954187028;\">+34 \/ 954187028<\/a>[\/vc_column_text][\/vc_column_inner][vc_column_inner width=\u00bb1\/3&#8243;][vc_column_text]<\/p>\n<h5>EMAIL<\/h5>\n<p><a style=\"color: #ffffff;\" href=\"mailto:oficina@oficinadearte.com\">oficina@oficinadearte.com<\/a>[\/vc_column_text][\/vc_column_inner][\/vc_row_inner]<\/div><\/div><div class=\"gem-map-with-text-map\">[vc_gmaps link=\"#E-8_JTNDaWZyYW1lJTIwc3JjJTNEJTIyaHR0cHMlM0ElMkYlMkZ3d3cuZ29vZ2xlLmNvbSUyRm1hcHMlMkZlbWJlZCUzRnBiJTNEJTIxMW0xOCUyMTFtMTIlMjExbTMlMjExZDMxNzEuNTYzMDY3Mzk2MjkzNyUyMTJkLTYuMDY0ODY2ODIyNjIyMjU5NSUyMTNkMzcuMzUyODUxNjcyMDk0NjglMjEybTMlMjExZjAlMjEyZjAlMjEzZjAlMjEzbTIlMjExaTEwMjQlMjEyaTc2OCUyMTRmMTMuMSUyMTNtMyUyMTFtMiUyMTFzMHhkMTI2Y2Q4ZGQ3OWZkMDElMjUzQTB4YmZmN2MxOTMxYTUyYmM4MyUyMTJzT2ZpY2luYSUyNTIwZGUlMjUyMEFydGUlMjUyMHklMjUyMENvbXVuaWNhY2klMjVDMyUyNUIzbiUyMTVlMCUyMTNtMiUyMTFzZXMlMjEyc2VzJTIxNHYxNzUyODI2NTE4NTM2JTIxNW0yJTIxMXNlcyUyMTJzZXMlMjIlMjB3aWR0aCUzRCUyMjEwMCUyNSUyMiUyMGhlaWdodCUzRCUyMjYwMHB4JTIyJTIwc3R5bGUlM0QlMjJib3JkZXIlM0EwJTNCJTIyJTIwYWxsb3dmdWxsc2NyZWVuJTNEJTIyJTIyJTIwbG9hZGluZyUzRCUyMmxhenklMjIlMjByZWZlcnJlcnBvbGljeSUzRCUyMm5vLXJlZmVycmVyLXdoZW4tZG93bmdyYWRlJTIyJTNFJTNDJTJGaWZyYW1lJTNF\" size=\"\" disable_scroll=\"1\"]<\/div><\/div>[\/vc_column][\/vc_row]<\/p>\n<\/div>","protected":false},"excerpt":{"rendered":"<p>[vc_row el_id=\u00bbtitular-diseno\u00bb][vc_column][vc_column_text] contacta con nosotros, trabajamos por tu \u00e9xito_ [\/vc_column_text][\/vc_column][\/vc_row][vc_row el_id=\u00bbintro-diseno\u00bb][vc_column][vc_column_text el_class=\u00bbintro-cabecera\u00bb]No hay reto que no podemos alcanzar trabajando juntos&#8230;.<\/p>\n","protected":false},"author":1,"featured_media":0,"parent":0,"menu_order":0,"comment_status":"closed","ping_status":"closed","template":"","meta":{"footnotes":""},"class_list":["post-25309","page","type-page","status-publish"],"yoast_head":"<!-- This site is optimized with the Yoast SEO plugin v26.6 - https:\/\/yoast.com\/wordpress\/plugins\/seo\/ -->\n<title>Datos de contacto | Oficina de Arte<\/title>\n<meta name=\"description\" content=\"En Oficina de Arte tenemos claro que las empresas exitosas no las hacen los individuos, sino los equipos. \u00bfColaboramos en tu pr\u00f3ximo proyecto de dise\u00f1o gr\u00e1fico, dise\u00f1o web o marketing? Las oportunidades no son fruto de la casualidad, m\u00e1s bien son el resultado del trabajo. Contacta con nosotros, trabajamos por tu \u00e9xito.\" \/>\n<meta name=\"robots\" content=\"index, follow, max-snippet:-1, max-image-preview:large, max-video-preview:-1\" \/>\n<link rel=\"canonical\" href=\"https:\/\/www.oficinadearte.com\/es\/contacto\/\" \/>\n<meta property=\"og:locale\" content=\"es_ES\" \/>\n<meta property=\"og:type\" content=\"article\" \/>\n<meta property=\"og:title\" content=\"Datos de contacto | Oficina de Arte\" \/>\n<meta property=\"og:description\" content=\"En Oficina de Arte tenemos claro que las empresas exitosas no las hacen los individuos, sino los equipos. \u00bfColaboramos en tu pr\u00f3ximo proyecto de dise\u00f1o gr\u00e1fico, dise\u00f1o web o marketing? Las oportunidades no son fruto de la casualidad, m\u00e1s bien son el resultado del trabajo. Contacta con nosotros, trabajamos por tu \u00e9xito.\" \/>\n<meta property=\"og:url\" content=\"https:\/\/www.oficinadearte.com\/es\/contacto\/\" \/>\n<meta property=\"og:site_name\" content=\"Oficina de Arte\" \/>\n<meta property=\"article:modified_time\" content=\"2025-07-18T08:35:14+00:00\" \/>\n<meta name=\"twitter:card\" content=\"summary_large_image\" \/>\n<meta name=\"twitter:label1\" content=\"Tiempo de lectura\" \/>\n\t<meta name=\"twitter:data1\" content=\"1 minuto\" \/>\n<script type=\"application\/ld+json\" class=\"yoast-schema-graph\">{\"@context\":\"https:\/\/schema.org\",\"@graph\":[{\"@type\":\"WebPage\",\"@id\":\"https:\/\/www.oficinadearte.com\/es\/contacto\/\",\"url\":\"https:\/\/www.oficinadearte.com\/es\/contacto\/\",\"name\":\"Datos de contacto | Oficina de Arte\",\"isPartOf\":{\"@id\":\"https:\/\/www.oficinadearte.com\/es\/#website\"},\"datePublished\":\"2018-03-26T16:52:38+00:00\",\"dateModified\":\"2025-07-18T08:35:14+00:00\",\"description\":\"En Oficina de Arte tenemos claro que las empresas exitosas no las hacen los individuos, sino los equipos. \u00bfColaboramos en tu pr\u00f3ximo proyecto de dise\u00f1o gr\u00e1fico, dise\u00f1o web o marketing? Las oportunidades no son fruto de la casualidad, m\u00e1s bien son el resultado del trabajo. Contacta con nosotros, trabajamos por tu \u00e9xito.\",\"breadcrumb\":{\"@id\":\"https:\/\/www.oficinadearte.com\/es\/contacto\/#breadcrumb\"},\"inLanguage\":\"es\",\"potentialAction\":[{\"@type\":\"ReadAction\",\"target\":[\"https:\/\/www.oficinadearte.com\/es\/contacto\/\"]}]},{\"@type\":\"BreadcrumbList\",\"@id\":\"https:\/\/www.oficinadearte.com\/es\/contacto\/#breadcrumb\",\"itemListElement\":[{\"@type\":\"ListItem\",\"position\":1,\"name\":\"Portada\",\"item\":\"https:\/\/www.oficinadearte.com\/es\/\"},{\"@type\":\"ListItem\",\"position\":2,\"name\":\"Contacto\"}]},{\"@type\":\"WebSite\",\"@id\":\"https:\/\/www.oficinadearte.com\/es\/#website\",\"url\":\"https:\/\/www.oficinadearte.com\/es\/\",\"name\":\"Oficina de Arte\",\"description\":\"Agencia de Dise\u00f1o Gr\u00e1fico\",\"potentialAction\":[{\"@type\":\"SearchAction\",\"target\":{\"@type\":\"EntryPoint\",\"urlTemplate\":\"https:\/\/www.oficinadearte.com\/es\/?s={search_term_string}\"},\"query-input\":{\"@type\":\"PropertyValueSpecification\",\"valueRequired\":true,\"valueName\":\"search_term_string\"}}],\"inLanguage\":\"es\"}]}<\/script>\n<!-- \/ Yoast SEO plugin. -->","yoast_head_json":{"title":"Datos de contacto | Oficina de Arte","description":"En Oficina de Arte tenemos claro que las empresas exitosas no las hacen los individuos, sino los equipos. \u00bfColaboramos en tu pr\u00f3ximo proyecto de dise\u00f1o gr\u00e1fico, dise\u00f1o web o marketing? Las oportunidades no son fruto de la casualidad, m\u00e1s bien son el resultado del trabajo. Contacta con nosotros, trabajamos por tu \u00e9xito.","robots":{"index":"index","follow":"follow","max-snippet":"max-snippet:-1","max-image-preview":"max-image-preview:large","max-video-preview":"max-video-preview:-1"},"canonical":"https:\/\/www.oficinadearte.com\/es\/contacto\/","og_locale":"es_ES","og_type":"article","og_title":"Datos de contacto | Oficina de Arte","og_description":"En Oficina de Arte tenemos claro que las empresas exitosas no las hacen los individuos, sino los equipos. \u00bfColaboramos en tu pr\u00f3ximo proyecto de dise\u00f1o gr\u00e1fico, dise\u00f1o web o marketing? Las oportunidades no son fruto de la casualidad, m\u00e1s bien son el resultado del trabajo. Contacta con nosotros, trabajamos por tu \u00e9xito.","og_url":"https:\/\/www.oficinadearte.com\/es\/contacto\/","og_site_name":"Oficina de Arte","article_modified_time":"2025-07-18T08:35:14+00:00","twitter_card":"summary_large_image","twitter_misc":{"Tiempo de lectura":"1 minuto"},"schema":{"@context":"https:\/\/schema.org","@graph":[{"@type":"WebPage","@id":"https:\/\/www.oficinadearte.com\/es\/contacto\/","url":"https:\/\/www.oficinadearte.com\/es\/contacto\/","name":"Datos de contacto | Oficina de Arte","isPartOf":{"@id":"https:\/\/www.oficinadearte.com\/es\/#website"},"datePublished":"2018-03-26T16:52:38+00:00","dateModified":"2025-07-18T08:35:14+00:00","description":"En Oficina de Arte tenemos claro que las empresas exitosas no las hacen los individuos, sino los equipos. \u00bfColaboramos en tu pr\u00f3ximo proyecto de dise\u00f1o gr\u00e1fico, dise\u00f1o web o marketing? Las oportunidades no son fruto de la casualidad, m\u00e1s bien son el resultado del trabajo. Contacta con nosotros, trabajamos por tu \u00e9xito.","breadcrumb":{"@id":"https:\/\/www.oficinadearte.com\/es\/contacto\/#breadcrumb"},"inLanguage":"es","potentialAction":[{"@type":"ReadAction","target":["https:\/\/www.oficinadearte.com\/es\/contacto\/"]}]},{"@type":"BreadcrumbList","@id":"https:\/\/www.oficinadearte.com\/es\/contacto\/#breadcrumb","itemListElement":[{"@type":"ListItem","position":1,"name":"Portada","item":"https:\/\/www.oficinadearte.com\/es\/"},{"@type":"ListItem","position":2,"name":"Contacto"}]},{"@type":"WebSite","@id":"https:\/\/www.oficinadearte.com\/es\/#website","url":"https:\/\/www.oficinadearte.com\/es\/","name":"Oficina de Arte","description":"Agencia de Dise\u00f1o Gr\u00e1fico","potentialAction":[{"@type":"SearchAction","target":{"@type":"EntryPoint","urlTemplate":"https:\/\/www.oficinadearte.com\/es\/?s={search_term_string}"},"query-input":{"@type":"PropertyValueSpecification","valueRequired":true,"valueName":"search_term_string"}}],"inLanguage":"es"}]}},"_links":{"self":[{"href":"https:\/\/www.oficinadearte.com\/es\/wp-json\/wp\/v2\/pages\/25309","targetHints":{"allow":["GET"]}}],"collection":[{"href":"https:\/\/www.oficinadearte.com\/es\/wp-json\/wp\/v2\/pages"}],"about":[{"href":"https:\/\/www.oficinadearte.com\/es\/wp-json\/wp\/v2\/types\/page"}],"author":[{"embeddable":true,"href":"https:\/\/www.oficinadearte.com\/es\/wp-json\/wp\/v2\/users\/1"}],"replies":[{"embeddable":true,"href":"https:\/\/www.oficinadearte.com\/es\/wp-json\/wp\/v2\/comments?post=25309"}],"version-history":[{"count":72,"href":"https:\/\/www.oficinadearte.com\/es\/wp-json\/wp\/v2\/pages\/25309\/revisions"}],"predecessor-version":[{"id":31227,"href":"https:\/\/www.oficinadearte.com\/es\/wp-json\/wp\/v2\/pages\/25309\/revisions\/31227"}],"wp:attachment":[{"href":"https:\/\/www.oficinadearte.com\/es\/wp-json\/wp\/v2\/media?parent=25309"}],"curies":[{"name":"wp","href":"https:\/\/api.w.org\/{rel}","templated":true}]}}