{"id":27850,"date":"2018-05-12T21:37:48","date_gmt":"2018-05-12T19:37:48","guid":{"rendered":"https:\/\/maqueta.oficinadearte.com\/?page_id=27850"},"modified":"2020-05-17T19:02:35","modified_gmt":"2020-05-17T17:02:35","slug":"aviso-legal-y-politica-de-privacidad","status":"publish","type":"page","link":"https:\/\/www.oficinadearte.com\/es\/aviso-legal-y-politica-de-privacidad\/","title":{"rendered":"Aviso legal y Pol\u00edtica de Privacidad"},"content":{"rendered":"<div class=\"wpb-content-wrapper\"><p>[vc_row][vc_column]<div class=\"clearboth\"><\/div><style>#thegem-divider-69ecabd24b6cc {margin-top: 1px !important;}<\/style><div id=\"thegem-divider-69ecabd24b6cc\" class=\"gem-divider  \" style=\"\" ><\/div>[vc_column_text]<\/p>\n<h1>aviso legal y pol\u00edtica de privacidad_<\/h1>\n<p>[\/vc_column_text]<div class=\"clearboth\"><\/div><style>#thegem-divider-69ecabd24b74c {margin-top: 40px !important;}<\/style><div id=\"thegem-divider-69ecabd24b74c\" class=\"gem-divider  \" style=\"\" ><\/div>[\/vc_column][\/vc_row][vc_row full_width=\u00bbstretch_row\u00bb css=\u00bb.vc_custom_1526316233653{padding-top: 80px !important;padding-bottom: 60px !important;background-color: #e0e0e0 !important;}\u00bb][vc_column][vc_column_text]<\/p>\n<section class=\"container\">\n<div class=\"ptb\" style=\"color: #555555;\">\n<h3>Informaci\u00f3n b\u00e1sica sobre protecci\u00f3n de datos<\/h3>\n<h5>Responsable<\/h5>\n<p>Oficina de Arte te informa que los datos que nos proporciones a trav\u00e9s de formularios, comentarios, correos electr\u00f3nicos, etc. ser\u00e1n tratados por Oficina de Arte y Comunicaci\u00f3n, S.L. como responsable de esta web.<\/p>\n<h5>Finalidad<\/h5>\n<p>La finalidad es enviarte nuestros newsletters de Oficina de Arte y Empacke y poder responder a tus dudas o sugerencias, establecer, si llegara el momento, una relaci\u00f3n comercial y darte informaci\u00f3n detallada sobre nuestros servicios.<\/p>\n<h5>Legitimaci\u00f3n<\/h5>\n<p>Al pulsar el bot\u00f3n de confirmaci\u00f3n, o hacer clic en la casilla de aceptaci\u00f3n, est\u00e1s dando tu leg\u00edtimo consentimiento para que tus datos sean tratados de acuerdo a la finalidad indicada.<\/p>\n<h5>Destinatarios<\/h5>\n<p>Se comunicar\u00e1n datos a terceros para poder llevar a cabo la finalidad objeto indicada. En ning\u00fan caso se ceder\u00e1n datos a terceros para finalidades diferentes a las descritas. Los datos facilitados est\u00e1n ubicados en el servidor alojado en el proveedor OVH, con localizaci\u00f3n f\u00edsica en Francia, en el Data Center GRA-1, garantizando la empresa unos niveles de seguridad adecuados.<\/p>\n<h5>Derechos<\/h5>\n<p>Podr\u00e1s ejercer tus derechos de acceso, rectificaci\u00f3n, limitaci\u00f3n o suprimir los datos solicit\u00e1ndolo en el email: oficina@oficinadearte.com, o dirigiendo tu solicitud a Oficina de Arte, c\/ Manufactura, 1, 2\u00ba, izqda. Mairena del Aljarafe. SEVILLA, acreditando debidamente tu identidad.<br \/>\nTus datos ser\u00e1n guardados mientras no nos indiques lo contrario.<\/p>\n<\/div>\n<\/section>\n<section class=\"container\">\n<div class=\"row\">\n<div class=\"col-md-9 mb-30\">\n<h4><\/h4>\n<\/div>\n<\/div>\n<\/section>\n<p>[\/vc_column_text][\/vc_column][\/vc_row][vc_row css=\u00bb.vc_custom_1526316129087{padding-top: 80px !important;padding-bottom: 60px !important;}\u00bb][vc_column][vc_column_text]<!-- TITULAR Section --><\/p>\n<section class=\"container\">\n<div class=\"ptb\"><\/div>\n<\/section>\n<section class=\"container\">\n<div class=\"row\">\n<div class=\"col-md-9 mb-30\">\n<h4>Informaci\u00f3n Legal<\/h4>\n<p>Oficina de Arte es una marca de Oficina de Arte y Comunicaci\u00f3n, S.L.<\/p>\n<h6>Datos legales<\/h6>\n<p>Oficina de Arte y Comunicaci\u00f3n S.L.<br \/>\nC.I.F.: B91003004<br \/>\nSede Social: C\/ Manufactura, 1, 2\u00ba Izqda &#8211; 41927 Mairena del Aljarafe, Sevilla (Espa\u00f1a)<\/p>\n<h6>Datos registrales<\/h6>\n<p>Registro Mercantil: Inscrita en el Registro Mercatil de Sevilla. Folio 151, Tomo 2.956 de la Secci\u00f3n General de Sociedades, Hoja n\u00famero SE-38.325 Inscripci\u00f3n 1\u00aa, con fecha 21 de octubre de 1999.<\/p>\n<h6>Contactar con Oficina de Arte y Comunicaci\u00f3n S.L.<\/h6>\n<p>Tel\u00e9fono: +34 954187028<br \/>\nEmail: oficina@oficinadearte.com<\/p>\n<p>&nbsp;<\/p>\n<h6>Otra informaci\u00f3n<\/h6>\n<p>\u2022 Pol\u00edtica de Privacidad<\/p>\n<p>\u2022 Condiciones de Uso<\/p>\n<p>&nbsp;<\/p>\n<h4>Pol\u00edtica de Privacidad<\/h4>\n<h6>Compromiso de Oficina de Arte y Comunicaci\u00f3n S.L. sobre protecci\u00f3n de Privacidad<\/h6>\n<p>Garantizar la protecci\u00f3n, privacidad y seguridad de su informaci\u00f3n personal es importante para Oficina de Arte y Comunicaci\u00f3n S.L. y tambi\u00e9n para el modo en que llevamos a cabo nuestro negocio, en cumplimiento con las leyes sobre privacidad, protecci\u00f3n de datos y seguridad de los datos en los sitios web que mantenemos. Esperamos que la pol\u00edtica descrita a continuaci\u00f3n le ayude a entender qu\u00e9 informaci\u00f3n puede almacenar Oficina de Arte y Comunicaci\u00f3n S.L., c\u00f3mo la puede utilizar y con qui\u00e9n podemos compartir dicha informaci\u00f3n.<\/p>\n<h6>Informaci\u00f3n personal<\/h6>\n<p>A trav\u00e9s de nuestros sitios web, Oficina de Arte y Comunicaci\u00f3n S.L. no recoger\u00e1 ninguna informaci\u00f3n personal-identificable sobre usted (por ejemplo, su nombre, direcci\u00f3n, n\u00famero telef\u00f3nico o direcci\u00f3n de correo electr\u00f3nico (\u00abinformaci\u00f3n personal\u00bb), a no ser que usted, voluntariamente, decida proporcion\u00e1rnoslo (por ejemplo, a trav\u00e9s de los formularios). Si usted no quiere que nos llegue su informaci\u00f3n personal, por favor no nos la env\u00ede.<br \/>\nCuando usted nos proporciona su informaci\u00f3n personal, generalmente la emplearemos para responder a sus preguntas, procesar sus pedidos o proporcionarle acceso a la informaci\u00f3n de cuenta espec\u00edfica. Tambi\u00e9n, para mejorar nuestra relaci\u00f3n con usted:<br \/>\n1. Podemos almacenar y procesar informaci\u00f3n personal y compartirla dentro de Oficina de Arte y Comunicaci\u00f3n S.L. para entender mejor sus necesidades de negocio a la vez que mejorar nuestros productos y servicios; o<br \/>\n2. Podemos (o un tercero en nuestro nombre) utilizar la informaci\u00f3n personal para ponernos en contacto con usted en relaci\u00f3n a los servicios y productos de Oficina de Arte y Comunicaci\u00f3n S.L. y as\u00ed proporcionar un mejor apoyo de sus necesidades de negocio, o llevar a cabo encuestas para obtener una mejor comprensi\u00f3n sobre las necesidades de nuestros clientes y perfiles.<br \/>\nSi usted no desea que su informaci\u00f3n personal sea empleada para mejorar nuestra relaci\u00f3n con usted (especialmente marketing directo o investigaciones de mercado), respetaremos su opci\u00f3n.<br \/>\nNosotros ni vendemos ni alquilamos su informaci\u00f3n personal a terceros.<\/p>\n<h6>Informaci\u00f3n no personal almacenada autom\u00e1ticamente<\/h6>\n<p>Cuando usted accede a nuestros sitios web, podemos autom\u00e1ticamente (es decir, no a trav\u00e9s de registro) recoger la informaci\u00f3n que no es personalmente-identificable (por ejemplo, el tipo de navegador de Internet y el sistema operativo empleado; el nombre de dominio del sitio web de origen; el n\u00famero de visitas, tiempo medio de visita en nuestro web, p\u00e1ginas visitadas). Podemos emplear esta informaci\u00f3n y compartirla dentro de Oficina de Arte y Comunicaci\u00f3n S.L. para medir la utilizaci\u00f3n de nuestros sitios web y mejorar su contenido.<\/p>\n<h6>\u00abCookies\u00bb &#8211; informaci\u00f3n almacenada autom\u00e1ticamente en su ordenador<\/h6>\n<p>Cuando usted entra en uno de nuestros sitios web, podemos almacenar alguna informaci\u00f3n en su ordenador a trav\u00e9s de una cookie con objeto de reconocerle de forma autom\u00e1tica la pr\u00f3xima vez que usted vuelva. Las cookies pueden ayudarnos de muchas formas, por ejemplo, permiti\u00e9ndonos adaptar un sitio web enfoc\u00e1ndolo mejor hacia sus intereses o evitar reintroducir su contrase\u00f1a cada vez que acceda de nuevo. Si usted no desea ser reconocido, por favor, a trav\u00e9s de su navegador de Internet, borre las cookies del disco duro de su ordenador, bloquee todas las cookies o seleccione recibir un aviso antes de que una cookie sea almacenada. Para mayor informaci\u00f3n conozca nuestra <a href=\"\/?page_id=27847\">pol\u00edtica de cookies.<\/a><\/p>\n<h6>Menores<\/h6>\n<p>Los ni\u00f1os no deber\u00edan enviar ninguna informaci\u00f3n personal, sin el consentimiento de su padre o tutor, a los sitios web de Oficina de Arte y Comunicaci\u00f3n S.L. Oficina de Arte y Comunicaci\u00f3n S.L. apoya a todos los padres o tutores a ense\u00f1ar a los ni\u00f1os a realizar un empleo sano, seguro y responsable de la informaci\u00f3n personal a trav\u00e9s de Internet. Oficina de Arte y Comunicaci\u00f3n S.L. no almacenar\u00e1 o emplear\u00e1 de forma consciente ninguna informaci\u00f3n personal enviada por ni\u00f1os para ning\u00fan prop\u00f3sito, incluyendo el env\u00edo a terceros.<\/p>\n<h6>Seguridad<\/h6>\n<p>Oficina de Arte y Comunicaci\u00f3n S.L. toma medidas de precauci\u00f3n para garantizar la seguridad de su informaci\u00f3n personal y se esfuerza en llevarlo a cabo estrictamente. Protegemos su informaci\u00f3n personal de la p\u00e9rdida, destrucci\u00f3n, falsificaci\u00f3n, manipulaci\u00f3n y acceso no autorizado.<\/p>\n<h6>Enlaces a otros sitios web<\/h6>\n<p>El sitio web de Oficina de Arte y Comunicaci\u00f3n S.L. puede contener enlaces a otros sitios web. Oficina de Arte y Comunicaci\u00f3n S.L. no es responsable de las pol\u00edticas de privacidad o el contenido de otros sitios web.<\/p>\n<h6>Preguntas y comentarios<\/h6>\n<p>Si usted tiene alguna pregunta o comentario sobre la pol\u00edtica de privacidad de Oficina de Arte y Comunicaci\u00f3n S.L. (por ejemplo, revisar y poner al d\u00eda su informaci\u00f3n personal), por favor p\u00f3ngase en contacto con nosotros. Nuestra pol\u00edtica de privacidad cambia en funci\u00f3n de los avances que se producen en Internet. Introduciremos las novedades en nuestra pol\u00edtica de privacidad en esta p\u00e1gina tan pronto como se acuerde realizar cambios en dicha pol\u00edtica de privacidad.<\/p>\n<p>&nbsp;<\/p>\n<h4>Condiciones de Uso<\/h4>\n<h6>Condiciones<\/h6>\n<p>Oficina de Arte y Comunicaci\u00f3n S.L. se reserva el derecho a actualizar, modificar o eliminar la informaci\u00f3n contenida en sus p\u00e1ginas web, pudiendo incluso limitar o no permitir el acceso a dicha informaci\u00f3n.<br \/>\nOficina de Arte y Comunicaci\u00f3n S.L. es titular de los derechos de propiedad, derechos de propiedad intelectual e industrial de esta web, de sus p\u00e1ginas, pantallas, de la informaci\u00f3n que contienen, de su apariencia y dise\u00f1o, de sus marcas, logos, y de sus productos y servicios, salvo que se especifique otra cosa.<br \/>\nOficina de Arte y Comunicaci\u00f3n S.L. proh\u00edbe la copia, duplicaci\u00f3n, redistribuci\u00f3n, comercializaci\u00f3n o cualquier otra actividad con una finalidad o uso p\u00fablico que se pueda realizar con los contenidos de sus p\u00e1ginas web aunque se citen las fuentes, salvo consentimiento por escrito de Oficina de Arte y Comunicaci\u00f3n S.L.<\/p>\n<h6>Responsabilidad<\/h6>\n<p>Las p\u00e1ginas y contenidos pueden contener errores, inexactitudes u omisiones. Oficina de Arte y Comunicaci\u00f3n S.L. no garantiza la exactitud, integridad o veracidad de los contenidos o de cualquier declaraci\u00f3n u cualquier otra informaci\u00f3n publicada en sus p\u00e1ginas web. Usted acepta que cualquier decisi\u00f3n, una vez hecha esta advertencia, ser\u00e1 asumida por su propia cuenta y riesgo.<br \/>\nOficina de Arte y Comunicaci\u00f3n S.L. no se responsabiliza de las posibles discrepancias que puedan surgir entre la versi\u00f3n de sus documentos impresos y la versi\u00f3n electr\u00f3nica de los mismos publicados en sus p\u00e1ginas web.<br \/>\nOficina de Arte y Comunicaci\u00f3n S.L. no asume responsabilidad por aquellas informaciones o contenidos que no hayan sido creados por Oficina de Arte y Comunicaci\u00f3n S.L., por lo que no responder\u00e1 frente a aquellos da\u00f1os o perjuicios que puedan derivarse del uso de dicha informaci\u00f3n.<br \/>\nOficina de Arte y Comunicaci\u00f3n S.L. no se responsabiliza de da\u00f1os o perjuicios derivados del acceso, uso o mala utilizaci\u00f3n de los contenidos del website.<\/p>\n<h6>Enlaces a otros sitios web<\/h6>\n<p>Oficina de Arte y Comunicaci\u00f3n S.L. puede proporcionar enlaces a otros sitios web dirigidos por entidades o personas no relacionadas con Oficina de Arte y Comunicaci\u00f3n S.L.<br \/>\nOficina de Arte y Comunicaci\u00f3n S.L. no es responsable de los contenidos que aparecen publicados en dichos sitios web. Si usted decide visitar alg\u00fan sitio mediante enlace (link), lo har\u00e1 exclusivamente bajo su propio riesgo, y es su responsabilidad tomar todas las medidas de protecci\u00f3n contra virus u otros elementos destructivos.<br \/>\nOficina de Arte y Comunicaci\u00f3n S.L. o sus sitios sponsors, o sus asociados est\u00e1n legalmente autorizados a usar marcas registradas, nombres comerciales, logos o s\u00edmbolos de copyright de Oficina de Arte y Comunicaci\u00f3n S.L. o alguno de sus afiliados o filiales.<\/p>\n<h6>Usuarios fuera de Espa\u00f1a y legislaci\u00f3n aplicable<\/h6>\n<p>Los contenidos de estas p\u00e1ginas web son controlados por Oficina de Arte y Comunicaci\u00f3n S.L., desde sus oficinas en territorio espa\u00f1ol. Oficina de Arte y Comunicaci\u00f3n S.L. pone de manifiesto que es posible estos contenidos no sean apropiados o no est\u00e9n disponibles para su uso desde un lugar situado fuera del territorio espa\u00f1ol. El acceso a los contenidos de este web est\u00e1 prohibido desde los territorios en los cuales, seg\u00fan la legislaci\u00f3n vigente en los mismos, son contenidos ilegales. El acceso desde un lugar fuera de Espa\u00f1a estar\u00e1 sujeto al cumplimiento de las leyes aplicables en dicho lugar. Est\u00e1 prohibido el uso de este sitio web o sus contenidos, cuando esto suponga una violaci\u00f3n de las leyes y dem\u00e1s regulaciones de exportaci\u00f3n de Espa\u00f1a.<br \/>\nPara cualquier controversia o conflicto suscitado en relaci\u00f3n con este Aviso Legal y Condiciones de Uso ser\u00e1n aplicables las leyes espa\u00f1olas.<\/p>\n<\/div>\n<\/div>\n<\/section>\n<p>[\/vc_column_text][\/vc_column][\/vc_row]<\/p>\n<\/div>","protected":false},"excerpt":{"rendered":"<p>[vc_row][vc_column][vc_column_text] aviso legal y pol\u00edtica de privacidad_ [\/vc_column_text][\/vc_column][\/vc_row][vc_row full_width=\u00bbstretch_row\u00bb css=\u00bb.vc_custom_1526316233653{padding-top: 80px !important;padding-bottom: 60px !important;background-color: #e0e0e0 !important;}\u00bb][vc_column][vc_column_text] Informaci\u00f3n b\u00e1sica sobre protecci\u00f3n&#8230;<\/p>\n","protected":false},"author":1,"featured_media":0,"parent":0,"menu_order":0,"comment_status":"closed","ping_status":"closed","template":"","meta":{"footnotes":""},"class_list":["post-27850","page","type-page","status-publish"],"yoast_head":"<!-- This site is optimized with the Yoast SEO plugin v26.6 - https:\/\/yoast.com\/wordpress\/plugins\/seo\/ -->\n<title>Aviso legal y Pol\u00edtica de Privacidad | Oficina de Arte<\/title>\n<meta name=\"description\" content=\"Informaci\u00f3n b\u00e1sica sobre protecci\u00f3n de datos, informaci\u00f3n legal, condiciones de uso y pol\u00edtica de privacidad de Oficina de Arte.\" \/>\n<meta name=\"robots\" content=\"noindex, nofollow\" \/>\n<meta property=\"og:locale\" content=\"es_ES\" \/>\n<meta property=\"og:type\" content=\"article\" \/>\n<meta property=\"og:title\" content=\"Aviso legal y Pol\u00edtica de Privacidad | Oficina de Arte\" \/>\n<meta property=\"og:description\" content=\"Informaci\u00f3n b\u00e1sica sobre protecci\u00f3n de datos, informaci\u00f3n legal, condiciones de uso y pol\u00edtica de privacidad de Oficina de Arte.\" \/>\n<meta property=\"og:url\" content=\"https:\/\/www.oficinadearte.com\/es\/aviso-legal-y-politica-de-privacidad\/\" \/>\n<meta property=\"og:site_name\" content=\"Oficina de Arte\" \/>\n<meta property=\"article:modified_time\" content=\"2020-05-17T17:02:35+00:00\" \/>\n<meta name=\"twitter:card\" content=\"summary_large_image\" \/>\n<meta name=\"twitter:label1\" content=\"Tiempo de lectura\" \/>\n\t<meta name=\"twitter:data1\" content=\"10 minutos\" \/>\n<script type=\"application\/ld+json\" class=\"yoast-schema-graph\">{\"@context\":\"https:\/\/schema.org\",\"@graph\":[{\"@type\":\"WebPage\",\"@id\":\"https:\/\/www.oficinadearte.com\/es\/aviso-legal-y-politica-de-privacidad\/\",\"url\":\"https:\/\/www.oficinadearte.com\/es\/aviso-legal-y-politica-de-privacidad\/\",\"name\":\"Aviso legal y Pol\u00edtica de Privacidad | Oficina de Arte\",\"isPartOf\":{\"@id\":\"https:\/\/www.oficinadearte.com\/es\/#website\"},\"datePublished\":\"2018-05-12T19:37:48+00:00\",\"dateModified\":\"2020-05-17T17:02:35+00:00\",\"description\":\"Informaci\u00f3n b\u00e1sica sobre protecci\u00f3n de datos, informaci\u00f3n legal, condiciones de uso y pol\u00edtica de privacidad de Oficina de Arte.\",\"breadcrumb\":{\"@id\":\"https:\/\/www.oficinadearte.com\/es\/aviso-legal-y-politica-de-privacidad\/#breadcrumb\"},\"inLanguage\":\"es\",\"potentialAction\":[{\"@type\":\"ReadAction\",\"target\":[\"https:\/\/www.oficinadearte.com\/es\/aviso-legal-y-politica-de-privacidad\/\"]}]},{\"@type\":\"BreadcrumbList\",\"@id\":\"https:\/\/www.oficinadearte.com\/es\/aviso-legal-y-politica-de-privacidad\/#breadcrumb\",\"itemListElement\":[{\"@type\":\"ListItem\",\"position\":1,\"name\":\"Portada\",\"item\":\"https:\/\/www.oficinadearte.com\/es\/\"},{\"@type\":\"ListItem\",\"position\":2,\"name\":\"Aviso legal y Pol\u00edtica de Privacidad\"}]},{\"@type\":\"WebSite\",\"@id\":\"https:\/\/www.oficinadearte.com\/es\/#website\",\"url\":\"https:\/\/www.oficinadearte.com\/es\/\",\"name\":\"Oficina de Arte\",\"description\":\"Agencia de Dise\u00f1o Gr\u00e1fico\",\"potentialAction\":[{\"@type\":\"SearchAction\",\"target\":{\"@type\":\"EntryPoint\",\"urlTemplate\":\"https:\/\/www.oficinadearte.com\/es\/?s={search_term_string}\"},\"query-input\":{\"@type\":\"PropertyValueSpecification\",\"valueRequired\":true,\"valueName\":\"search_term_string\"}}],\"inLanguage\":\"es\"}]}<\/script>\n<!-- \/ Yoast SEO plugin. -->","yoast_head_json":{"title":"Aviso legal y Pol\u00edtica de Privacidad | Oficina de Arte","description":"Informaci\u00f3n b\u00e1sica sobre protecci\u00f3n de datos, informaci\u00f3n legal, condiciones de uso y pol\u00edtica de privacidad de Oficina de Arte.","robots":{"index":"noindex","follow":"nofollow"},"og_locale":"es_ES","og_type":"article","og_title":"Aviso legal y Pol\u00edtica de Privacidad | Oficina de Arte","og_description":"Informaci\u00f3n b\u00e1sica sobre protecci\u00f3n de datos, informaci\u00f3n legal, condiciones de uso y pol\u00edtica de privacidad de Oficina de Arte.","og_url":"https:\/\/www.oficinadearte.com\/es\/aviso-legal-y-politica-de-privacidad\/","og_site_name":"Oficina de Arte","article_modified_time":"2020-05-17T17:02:35+00:00","twitter_card":"summary_large_image","twitter_misc":{"Tiempo de lectura":"10 minutos"},"schema":{"@context":"https:\/\/schema.org","@graph":[{"@type":"WebPage","@id":"https:\/\/www.oficinadearte.com\/es\/aviso-legal-y-politica-de-privacidad\/","url":"https:\/\/www.oficinadearte.com\/es\/aviso-legal-y-politica-de-privacidad\/","name":"Aviso legal y Pol\u00edtica de Privacidad | Oficina de Arte","isPartOf":{"@id":"https:\/\/www.oficinadearte.com\/es\/#website"},"datePublished":"2018-05-12T19:37:48+00:00","dateModified":"2020-05-17T17:02:35+00:00","description":"Informaci\u00f3n b\u00e1sica sobre protecci\u00f3n de datos, informaci\u00f3n legal, condiciones de uso y pol\u00edtica de privacidad de Oficina de Arte.","breadcrumb":{"@id":"https:\/\/www.oficinadearte.com\/es\/aviso-legal-y-politica-de-privacidad\/#breadcrumb"},"inLanguage":"es","potentialAction":[{"@type":"ReadAction","target":["https:\/\/www.oficinadearte.com\/es\/aviso-legal-y-politica-de-privacidad\/"]}]},{"@type":"BreadcrumbList","@id":"https:\/\/www.oficinadearte.com\/es\/aviso-legal-y-politica-de-privacidad\/#breadcrumb","itemListElement":[{"@type":"ListItem","position":1,"name":"Portada","item":"https:\/\/www.oficinadearte.com\/es\/"},{"@type":"ListItem","position":2,"name":"Aviso legal y Pol\u00edtica de Privacidad"}]},{"@type":"WebSite","@id":"https:\/\/www.oficinadearte.com\/es\/#website","url":"https:\/\/www.oficinadearte.com\/es\/","name":"Oficina de Arte","description":"Agencia de Dise\u00f1o Gr\u00e1fico","potentialAction":[{"@type":"SearchAction","target":{"@type":"EntryPoint","urlTemplate":"https:\/\/www.oficinadearte.com\/es\/?s={search_term_string}"},"query-input":{"@type":"PropertyValueSpecification","valueRequired":true,"valueName":"search_term_string"}}],"inLanguage":"es"}]}},"_links":{"self":[{"href":"https:\/\/www.oficinadearte.com\/es\/wp-json\/wp\/v2\/pages\/27850","targetHints":{"allow":["GET"]}}],"collection":[{"href":"https:\/\/www.oficinadearte.com\/es\/wp-json\/wp\/v2\/pages"}],"about":[{"href":"https:\/\/www.oficinadearte.com\/es\/wp-json\/wp\/v2\/types\/page"}],"author":[{"embeddable":true,"href":"https:\/\/www.oficinadearte.com\/es\/wp-json\/wp\/v2\/users\/1"}],"replies":[{"embeddable":true,"href":"https:\/\/www.oficinadearte.com\/es\/wp-json\/wp\/v2\/comments?post=27850"}],"version-history":[{"count":22,"href":"https:\/\/www.oficinadearte.com\/es\/wp-json\/wp\/v2\/pages\/27850\/revisions"}],"predecessor-version":[{"id":29648,"href":"https:\/\/www.oficinadearte.com\/es\/wp-json\/wp\/v2\/pages\/27850\/revisions\/29648"}],"wp:attachment":[{"href":"https:\/\/www.oficinadearte.com\/es\/wp-json\/wp\/v2\/media?parent=27850"}],"curies":[{"name":"wp","href":"https:\/\/api.w.org\/{rel}","templated":true}]}}